{"id":644,"date":"2024-05-23T20:14:30","date_gmt":"2024-05-23T20:14:30","guid":{"rendered":"https:\/\/provedorbrasil.com.br\/home\/?page_id=644"},"modified":"2025-02-13T12:04:54","modified_gmt":"2025-02-13T12:04:54","slug":"sites","status":"publish","type":"page","link":"https:\/\/provedorbrasil.com.br\/home\/sites\/","title":{"rendered":"Sites"},"content":{"rendered":"\n<p class=\"has-text-align-center\"><\/p>\n\n\n\n<figure class=\"wp-block-image size-full\"><img loading=\"lazy\" decoding=\"async\" width=\"1366\" height=\"337\" src=\"https:\/\/provedorbrasil.com.br\/home\/wp-content\/uploads\/2025\/02\/provedor-brasil-porque-minha-empresa-precisa-de-um-site.png\" alt=\"\" class=\"wp-image-1814\" srcset=\"https:\/\/provedorbrasil.com.br\/home\/wp-content\/uploads\/2025\/02\/provedor-brasil-porque-minha-empresa-precisa-de-um-site.png 1366w, https:\/\/provedorbrasil.com.br\/home\/wp-content\/uploads\/2025\/02\/provedor-brasil-porque-minha-empresa-precisa-de-um-site-300x74.png 300w, https:\/\/provedorbrasil.com.br\/home\/wp-content\/uploads\/2025\/02\/provedor-brasil-porque-minha-empresa-precisa-de-um-site-1024x253.png 1024w, https:\/\/provedorbrasil.com.br\/home\/wp-content\/uploads\/2025\/02\/provedor-brasil-porque-minha-empresa-precisa-de-um-site-768x189.png 768w\" sizes=\"auto, (max-width: 1366px) 100vw, 1366px\" \/><\/figure>\n\n\n\n<p class=\"has-x-large-font-size\"><\/p>\n\n\n\n<div style=\"height:100px\" aria-hidden=\"true\" class=\"wp-block-spacer\"><\/div>\n\n\n\n<p><\/p>\n\n\n\n<div class=\"wp-block-essential-blocks-advanced-heading  root-eb-advance-heading-x9f3i\"><div class=\"eb-parent-wrapper eb-parent-eb-advance-heading-x9f3i \"><div class=\"eb-advance-heading-wrapper eb-advance-heading-x9f3i button-1 undefined\" data-id=\"eb-advance-heading-x9f3i\"><h2 class=\"eb-ah-title\"><span class=\"first-title\"><\/span><\/h2><\/div><\/div><\/div>\n\n\n<div class=\"wp-block-image\">\n<figure class=\"aligncenter size-large\"><img loading=\"lazy\" decoding=\"async\" width=\"1024\" height=\"664\" src=\"https:\/\/provedorbrasil.com.br\/home\/wp-content\/uploads\/2024\/05\/provedor-brasil-sites-morandi-serrano-mayzum-1-1024x664.gif\" alt=\"\" class=\"wp-image-530\" srcset=\"https:\/\/provedorbrasil.com.br\/home\/wp-content\/uploads\/2024\/05\/provedor-brasil-sites-morandi-serrano-mayzum-1-1024x664.gif 1024w, https:\/\/provedorbrasil.com.br\/home\/wp-content\/uploads\/2024\/05\/provedor-brasil-sites-morandi-serrano-mayzum-1-300x195.gif 300w, https:\/\/provedorbrasil.com.br\/home\/wp-content\/uploads\/2024\/05\/provedor-brasil-sites-morandi-serrano-mayzum-1-768x498.gif 768w, https:\/\/provedorbrasil.com.br\/home\/wp-content\/uploads\/2024\/05\/provedor-brasil-sites-morandi-serrano-mayzum-1-1536x996.gif 1536w\" sizes=\"auto, (max-width: 1024px) 100vw, 1024px\" \/><\/figure>\n<\/div>\n\n\n<div class=\"wp-block-essential-blocks-row alignfull  root-eb-row-5e3mr\"><div class=\"eb-parent-wrapper eb-parent-eb-row-5e3mr \"><div class=\"eb-row-root-container eb-row-5e3mr\" data-id=\"eb-row-5e3mr\"><div class=\"eb-row-wrapper\"><div class=\"eb-row-inner\">\n<div class=\"wp-block-essential-blocks-column  root-eb-column-8p0nu\"><div class=\"eb-parent-wrapper eb-parent-eb-column-8p0nu \"><div class=\"eb-column-wrapper eb-column-8p0nu\"><div class=\"eb-column-inner\">\n<div class=\"wp-block-essential-blocks-flipbox  root-eb-flipbox-t5804\"><div class=\"eb-parent-wrapper eb-parent-eb-flipbox-t5804 \"><div class=\"eb-flipbox-container eb-flipbox-t5804 eb-flipbox-align-center eb-hover-mode\" data-id=\"eb-flipbox-t5804\" data-flip-type=\"flip-left\" data-flip-mode=\"hover\"><div class=\"eb-flipper flip-left\"><div class=\"eb-flipbox-front\"><div class=\"eb-flipbox-items-container\"><div class=\"eb-flipbox-icon-wrapper\"><div class=\"eb-flipbox-icon-front\" data-icon=\"fas fa-meteor\"><i icon=\"fas fa-meteor\" class=\"fas fa-meteor \"><\/i><\/div><\/div><div class=\"eb-flipbox-front-title-wrapper\"><h3 class=\"eb-flipbox-front-title\">FORTALECER<\/h3><\/div><div class=\"eb-flipbox-front-content-wrapper\"><p class=\"eb-flipbox-front-content\">Como?<\/p><\/div><\/div><\/div><div class=\"eb-flipbox-back\"><div class=\"eb-flipbox-items-container\"><div class=\"eb-flipbox-back-title-wrapper\"><h3 class=\"eb-flipbox-back-title\">FORTALECER<\/h3><\/div><div class=\"eb-flipbox-back-content-wrapper\"><p class=\"eb-flipbox-back-content\">Sua empresa estar\u00e1 na internet expondo sua \u00e1rea de atua\u00e7\u00e3o de forma a aumentar suas chances de ser reconhecida e encontrada.<\/p><\/div><\/div><\/div><\/div><\/div><\/div><\/div>\n<\/div><\/div><\/div><\/div>\n\n\n\n<div class=\"wp-block-essential-blocks-column  root-eb-column-1qwmz\"><div class=\"eb-parent-wrapper eb-parent-eb-column-1qwmz \"><div class=\"eb-column-wrapper eb-column-1qwmz\"><div class=\"eb-column-inner\">\n<div class=\"wp-block-essential-blocks-flipbox  root-eb-flipbox-9mki1\"><div class=\"eb-parent-wrapper eb-parent-eb-flipbox-9mki1 \"><div class=\"eb-flipbox-container eb-flipbox-9mki1 eb-flipbox-align-center eb-hover-mode\" data-id=\"eb-flipbox-9mki1\" data-flip-type=\"flip-left\" data-flip-mode=\"hover\"><div class=\"eb-flipper flip-left\"><div class=\"eb-flipbox-front\"><div class=\"eb-flipbox-items-container\"><div class=\"eb-flipbox-icon-wrapper\"><div class=\"eb-flipbox-icon-front\" data-icon=\"far fa-clock\"><i icon=\"far fa-clock\" class=\"far fa-clock \"><\/i><\/div><\/div><div class=\"eb-flipbox-front-title-wrapper\"><h3 class=\"eb-flipbox-front-title\">24 HORAS<\/h3><\/div><div class=\"eb-flipbox-front-content-wrapper\"><p class=\"eb-flipbox-front-content\">Sem parar.<\/p><\/div><\/div><\/div><div class=\"eb-flipbox-back\"><div class=\"eb-flipbox-items-container\"><div class=\"eb-flipbox-back-title-wrapper\"><h3 class=\"eb-flipbox-back-title\">24 HORAS<\/h3><\/div><div class=\"eb-flipbox-back-content-wrapper\"><p class=\"eb-flipbox-back-content\">A internet n\u00e3o dorme. Sua empresa funcionar\u00e1 24h por dia, em todos os dias do ano.<\/p><\/div><\/div><\/div><\/div><\/div><\/div><\/div>\n<\/div><\/div><\/div><\/div>\n\n\n\n<div class=\"wp-block-essential-blocks-column  root-eb-column-c0uvs\"><div class=\"eb-parent-wrapper eb-parent-eb-column-c0uvs \"><div class=\"eb-column-wrapper eb-column-c0uvs\"><div class=\"eb-column-inner\">\n<div class=\"wp-block-essential-blocks-flipbox  root-eb-flipbox-v0aus\"><div class=\"eb-parent-wrapper eb-parent-eb-flipbox-v0aus \"><div class=\"eb-flipbox-container eb-flipbox-v0aus eb-flipbox-align-center eb-hover-mode\" data-id=\"eb-flipbox-v0aus\" data-flip-type=\"flip-left\" data-flip-mode=\"hover\"><div class=\"eb-flipper flip-left\"><div class=\"eb-flipbox-front\"><div class=\"eb-flipbox-items-container\"><div class=\"eb-flipbox-icon-wrapper\"><div class=\"eb-flipbox-icon-front\" data-icon=\"fab fa-sellsy\"><i icon=\"fab fa-sellsy\" class=\"fab fa-sellsy \"><\/i><\/div><\/div><div class=\"eb-flipbox-front-title-wrapper\"><h3 class=\"eb-flipbox-front-title\">ALCANCE<\/h3><\/div><div class=\"eb-flipbox-front-content-wrapper\"><p class=\"eb-flipbox-front-content\">Aumente seu Alcance.<\/p><\/div><\/div><\/div><div class=\"eb-flipbox-back\"><div class=\"eb-flipbox-items-container\"><div class=\"eb-flipbox-back-title-wrapper\"><h3 class=\"eb-flipbox-back-title\">ALCANCE<\/h3><\/div><div class=\"eb-flipbox-back-content-wrapper\"><p class=\"eb-flipbox-back-content\">Sua empresa ser\u00e1 encontrada com mais facilidade, conectando-se com potenciais clientes.<\/p><\/div><\/div><\/div><\/div><\/div><\/div><\/div>\n<\/div><\/div><\/div><\/div>\n\n\n\n<div class=\"wp-block-essential-blocks-column  root-eb-column-x51j1\"><div class=\"eb-parent-wrapper eb-parent-eb-column-x51j1 \"><div class=\"eb-column-wrapper eb-column-x51j1\"><div class=\"eb-column-inner\">\n<div class=\"wp-block-essential-blocks-flipbox  root-eb-flipbox-ftqbm\"><div class=\"eb-parent-wrapper eb-parent-eb-flipbox-ftqbm \"><div class=\"eb-flipbox-container eb-flipbox-ftqbm eb-flipbox-align-center eb-hover-mode\" data-id=\"eb-flipbox-ftqbm\" data-flip-type=\"flip-left\" data-flip-mode=\"hover\"><div class=\"eb-flipper flip-left\"><div class=\"eb-flipbox-front\"><div class=\"eb-flipbox-items-container\"><div class=\"eb-flipbox-icon-wrapper\"><div class=\"eb-flipbox-icon-front\" data-icon=\"fas fa-bullhorn\"><i icon=\"fas fa-bullhorn\" class=\"fas fa-bullhorn \"><\/i><\/div><\/div><div class=\"eb-flipbox-front-title-wrapper\"><h3 class=\"eb-flipbox-front-title\">DIVULGUE<\/h3><\/div><div class=\"eb-flipbox-front-content-wrapper\"><p class=\"eb-flipbox-front-content\">Propaganda Infinita.<\/p><\/div><\/div><\/div><div class=\"eb-flipbox-back\"><div class=\"eb-flipbox-items-container\"><div class=\"eb-flipbox-back-title-wrapper\"><h3 class=\"eb-flipbox-back-title\">DIVULGUE<\/h3><\/div><div class=\"eb-flipbox-back-content-wrapper\"><p class=\"eb-flipbox-back-content\">Com um site sua empresa consegue mostrar todos os servi\u00e7os e produtos que oferece, al\u00e9m de explicar como cada um funciona.<\/p><\/div><\/div><\/div><\/div><\/div><\/div><\/div>\n<\/div><\/div><\/div><\/div>\n<\/div><\/div><\/div><\/div><\/div>\n\n\n\n<p class=\"has-text-align-center\"><\/p>\n\n\n\n<figure class=\"wp-block-image size-full\"><img loading=\"lazy\" decoding=\"async\" width=\"4269\" height=\"947\" src=\"https:\/\/provedorbrasil.com.br\/home\/wp-content\/uploads\/2024\/12\/provedor-brasil-desenvolvimento-sites-1.png\" alt=\"\" class=\"wp-image-1733\" srcset=\"https:\/\/provedorbrasil.com.br\/home\/wp-content\/uploads\/2024\/12\/provedor-brasil-desenvolvimento-sites-1.png 4269w, https:\/\/provedorbrasil.com.br\/home\/wp-content\/uploads\/2024\/12\/provedor-brasil-desenvolvimento-sites-1-300x67.png 300w, https:\/\/provedorbrasil.com.br\/home\/wp-content\/uploads\/2024\/12\/provedor-brasil-desenvolvimento-sites-1-1024x227.png 1024w, https:\/\/provedorbrasil.com.br\/home\/wp-content\/uploads\/2024\/12\/provedor-brasil-desenvolvimento-sites-1-768x170.png 768w, https:\/\/provedorbrasil.com.br\/home\/wp-content\/uploads\/2024\/12\/provedor-brasil-desenvolvimento-sites-1-1536x341.png 1536w, https:\/\/provedorbrasil.com.br\/home\/wp-content\/uploads\/2024\/12\/provedor-brasil-desenvolvimento-sites-1-2048x454.png 2048w\" sizes=\"auto, (max-width: 4269px) 100vw, 4269px\" \/><\/figure>\n\n\n\n<div class=\"wp-block-group\"><div class=\"wp-block-group__inner-container is-layout-constrained wp-block-group-is-layout-constrained\">\n<div class=\"wp-block-columns is-layout-flex wp-container-core-columns-is-layout-9d6595d7 wp-block-columns-is-layout-flex\">\n<div class=\"wp-block-column is-layout-flow wp-block-column-is-layout-flow\" style=\"flex-basis:100%\">\n<div class=\"wp-block-columns is-layout-flex wp-container-core-columns-is-layout-9d6595d7 wp-block-columns-is-layout-flex\">\n<div class=\"wp-block-column is-layout-flow wp-block-column-is-layout-flow\">\n<div class=\"wp-block-essential-blocks-infobox  root-eb-infobox-7v47n\"><div class=\"eb-parent-wrapper eb-parent-eb-infobox-7v47n \"><div class=\"eb-infobox-7v47n eb-infobox-wrapper\"><div class=\"infobox-wrapper-inner\"><div class=\"icon-img-wrapper\"><div class=\"eb-icon number-or-icon\"><i icon=\"fas fa-arrow-up-from-bracket\" class=\"fas fa-arrow-up-from-bracket eb-infobox-icon-data-selector\"><\/i><\/div><\/div><div class=\"contents-wrapper\"><h2 class=\"title\">Identidade Visual<\/h2><p class=\"description\">Basta voc\u00ea enviar seu logotipo para nossa equipe, juntamente com uma breve explica\u00e7\u00e3o do seu conte\u00fado.<\/p><\/div><\/div><\/div><\/div><\/div>\n<\/div>\n\n\n\n<div class=\"wp-block-column is-layout-flow wp-block-column-is-layout-flow\">\n<div class=\"wp-block-essential-blocks-infobox  root-eb-infobox-nfme9\"><div class=\"eb-parent-wrapper eb-parent-eb-infobox-nfme9 \"><div class=\"eb-infobox-nfme9 eb-infobox-wrapper\"><div class=\"infobox-wrapper-inner\"><div class=\"icon-img-wrapper\"><div class=\"eb-icon number-or-icon\"><i icon=\"far fa-lightbulb\" class=\"far fa-lightbulb eb-infobox-icon-data-selector\"><\/i><\/div><\/div><div class=\"contents-wrapper\"><h2 class=\"title\">Prepara\u00e7\u00e3o<\/h2><p class=\"description\">Ap\u00f3s obter sua identidade visual, desenvolvemos uma pr\u00e9via para que possa visualizar como ficar\u00e1 seu site.<\/p><\/div><\/div><\/div><\/div><\/div>\n<\/div>\n\n\n\n<div class=\"wp-block-column is-layout-flow wp-block-column-is-layout-flow\">\n<div class=\"wp-block-essential-blocks-infobox  root-eb-infobox-751ay\"><div class=\"eb-parent-wrapper eb-parent-eb-infobox-751ay \"><div class=\"eb-infobox-751ay eb-infobox-wrapper\"><div class=\"infobox-wrapper-inner\"><div class=\"icon-img-wrapper\"><div class=\"eb-icon number-or-icon\"><i icon=\"far fa-thumbs-up\" class=\"far fa-thumbs-up eb-infobox-icon-data-selector\"><\/i><\/div><\/div><div class=\"contents-wrapper\"><h2 class=\"title\">Aprova\u00e7\u00e3o<\/h2><p class=\"description\">Aprovando nossa pr\u00e9via, coletamos mais dados para dar continuidade no desenvolvimento do site.<\/p><\/div><\/div><\/div><\/div><\/div>\n<\/div>\n<\/div>\n<\/div>\n<\/div>\n\n\n\n<div style=\"position: relative; width: 100%; height: 0; padding-top: 56.2225%;\n padding-bottom: 0; box-shadow: 0 2px 8px 0 rgba(63,69,81,0.16); margin-top: 1.6em; margin-bottom: 0.9em; overflow: hidden;\n border-radius: 8px; will-change: transform;\">\n  <iframe loading=\"lazy\" style=\"position: absolute; width: 100%; height: 100%; top: 0; left: 0; border: none; padding: 0;margin: 0;\"\n    src=\"https:\/\/www.canva.com\/design\/DAGYdg86K0I\/7Vd7NnembLI7EC6bJyMM5Q\/view?embed\" allowfullscreen=\"allowfullscreen\" allow=\"fullscreen\">\n  <\/iframe>\n<\/div>\n<a href=\"https:&#x2F;&#x2F;www.canva.com&#x2F;design&#x2F;DAGYdg86K0I&#x2F;7Vd7NnembLI7EC6bJyMM5Q&#x2F;view?utm_content=DAGYdg86K0I&amp;utm_campaign=designshare&amp;utm_medium=embeds&amp;utm_source=link\" target=\"_blank\" rel=\"noopener\"><\/a>\n\n\n\n<p class=\"has-text-align-center\"><\/p>\n\n\n\n<div class=\"wp-block-columns is-layout-flex wp-container-core-columns-is-layout-9d6595d7 wp-block-columns-is-layout-flex\">\n<div class=\"wp-block-column is-layout-flow wp-block-column-is-layout-flow\">\n<div class=\"wp-block-essential-blocks-icon  root-eb-icon-2x515\"><div class=\"eb-parent-wrapper eb-parent-eb-icon-2x515 \"><div class=\"eb-icon-wrapper eb-icon-2x515 eb-icon-view-default\" data-id=\"eb-icon-2x515\"><div class=\"eb-icon-container\"><i icon=\"fab fa-google-plus-g\" class=\"fab fa-google-plus-g \"><\/i><\/div><\/div><\/div><\/div>\n\n\n\n<p class=\"has-text-align-center has-medium-font-size\">CONTE\u00daDO RELEVANTE <strong>PADR\u00c3O GOOGLE<\/strong>:<\/p>\n\n\n\n<p class=\"has-text-align-center has-medium-font-size\">Todas as p\u00e1ginas, artigos, textos, m\u00eddia (fotos e\/ou v\u00eddeos) pensados e desenvolvidos no padr\u00e3o atual do Google, isso permite que seu site tenha mais engajamento<\/p>\n<\/div>\n\n\n\n<div class=\"wp-block-column is-layout-flow wp-block-column-is-layout-flow\">\n<div class=\"wp-block-essential-blocks-icon  root-eb-icon-8iija\"><div class=\"eb-parent-wrapper eb-parent-eb-icon-8iija \"><div class=\"eb-icon-wrapper eb-icon-8iija eb-icon-view-default\" data-id=\"eb-icon-8iija\"><div class=\"eb-icon-container\"><i icon=\"fab fa-wordpress\" class=\"fab fa-wordpress \"><\/i><\/div><\/div><\/div><\/div>\n\n\n\n<p class=\"has-text-align-center has-medium-font-size\">PLATAFORMA <strong>CMS WORD PRESS:<\/strong><\/p>\n\n\n\n<p class=\"has-text-align-center has-medium-font-size\">A plataforma CMS Word Press \u00e9 o adminstrador on-line mais utilizado no mundo com uma estrutura avan\u00e7ada onde podemos atualizar o site deixando sempre com as tend\u00eancias do momento.<\/p>\n<\/div>\n<\/div>\n\n\n\n<div class=\"wp-block-columns is-layout-flex wp-container-core-columns-is-layout-9d6595d7 wp-block-columns-is-layout-flex\">\n<div class=\"wp-block-column is-vertically-aligned-center has-medium-font-size is-layout-flow wp-block-column-is-layout-flow\">\n<div class=\"wp-block-essential-blocks-icon  root-eb-icon-we2qz\"><div class=\"eb-parent-wrapper eb-parent-eb-icon-we2qz \"><div class=\"eb-icon-wrapper eb-icon-we2qz eb-icon-view-default\" data-id=\"eb-icon-we2qz\"><div class=\"eb-icon-container\"><i icon=\"fas fa-desktop\" class=\"fas fa-desktop \"><\/i><\/div><\/div><\/div><\/div>\n\n\n\n<p class=\"has-text-align-center\">QUALIDADE E <strong>DESEMPENHO<\/strong>:<br><br>Cuidamos de todo o processo de fabrica\u00e7\u00e3o do seu site, apresentando qualidade de imagens e sempre mantendo a rapidez no carregamento.<\/p>\n<\/div>\n\n\n\n<div class=\"wp-block-column is-vertically-aligned-center has-medium-font-size is-layout-flow wp-block-column-is-layout-flow\">\n<div class=\"wp-block-essential-blocks-icon  root-eb-icon-a8wso\"><div class=\"eb-parent-wrapper eb-parent-eb-icon-a8wso \"><div class=\"eb-icon-wrapper eb-icon-a8wso eb-icon-view-default\" data-id=\"eb-icon-a8wso\"><div class=\"eb-icon-container\"><i icon=\"fas fa-ticket\" class=\"fas fa-ticket \"><\/i><\/div><\/div><\/div><\/div>\n\n\n\n<p class=\"has-text-align-center has-medium-font-size\">DESIGN <strong>RESPONSIVO<\/strong>:<br><br>S\u00e3o sites ajust\u00e1veis ao tamanho de tela em que o seu dispositivo est\u00e1 utilizando, assim ter\u00e1 uma perfeita experi\u00eancia de navega\u00e7\u00e3o.<\/p>\n<\/div>\n<\/div>\n\n\n\n<p class=\"has-text-align-center has-medium-font-size\"><\/p>\n\n\n\n<p><\/p>\n\n\n\n<p class=\"has-text-align-center has-medium-font-size\"><\/p>\n<\/div><\/div>\n\n\n\n<p><\/p>\n\n\n\n<h2 class=\"wp-block-heading has-text-align-center\"><strong>COMO VOU PAGAR<\/strong>&nbsp;POR ISSO?<\/h2>\n\n\n\n<p class=\"has-text-align-center has-medium-font-size\">Voc\u00ea poder\u00e1 pagar de diversas formas, todas de maneira pr\u00e1tica e sem utilizar seu cart\u00e3o de cr\u00e9dito. O valor total do site, depende do projeto desejado, mas lembrando que n\u00e3o cobramos para realizar um or\u00e7amento, al\u00e9m de receber uma pr\u00e9via de como ficar\u00e1 o seu site. Parece n\u00e3o ser muito importante, mas trabalhamos de forma transparente para que todos os clientes obtenham o site que sempre desejaram na forma prevista.<\/p>\n\n\n\n<div class=\"wp-block-columns is-layout-flex wp-container-core-columns-is-layout-9d6595d7 wp-block-columns-is-layout-flex\">\n<div class=\"wp-block-column is-layout-flow wp-block-column-is-layout-flow\">\n<div class=\"wp-block-essential-blocks-infobox  root-eb-infobox-y2fwb\"><div class=\"eb-parent-wrapper eb-parent-eb-infobox-y2fwb \"><div class=\"eb-infobox-y2fwb eb-infobox-wrapper\"><div class=\"infobox-wrapper-inner\"><div class=\"icon-img-wrapper\"><div class=\"eb-icon number-or-icon\"><i icon=\"fab fa-pix\" class=\"fab fa-pix eb-infobox-icon-data-selector\"><\/i><\/div><\/div><div class=\"contents-wrapper\"><h2 class=\"title\">PIX<\/h2><p class=\"description\">Com a modalidade Pix, sua cobran\u00e7a se tornou ainda mais f\u00e1cil. Parcelamos em at\u00e9 10X sem juros.<\/p><\/div><\/div><\/div><\/div><\/div>\n<\/div>\n\n\n\n<div class=\"wp-block-column is-layout-flow wp-block-column-is-layout-flow\">\n<div class=\"wp-block-essential-blocks-infobox  root-eb-infobox-l6302\"><div class=\"eb-parent-wrapper eb-parent-eb-infobox-l6302 \"><div class=\"eb-infobox-l6302 eb-infobox-wrapper\"><div class=\"infobox-wrapper-inner\"><div class=\"icon-img-wrapper\"><div class=\"eb-icon number-or-icon\"><span class=\"dashicon dashicons dashicons-welcome-widgets-menus eb-infobox-icon-data-selector\"><\/span><\/div><\/div><div class=\"contents-wrapper\"><h2 class=\"title\">BOLETO<\/h2><p class=\"description\">Cobran\u00e7a por boleto banc\u00e1rio, sem burocracia ou consultas. Parcelamos em at\u00e9 10X sem juros.<\/p><\/div><\/div><\/div><\/div><\/div>\n<\/div>\n<\/div>\n\n\n\n<figure class=\"wp-block-image size-full\"><img loading=\"lazy\" decoding=\"async\" width=\"3125\" height=\"551\" src=\"https:\/\/provedorbrasil.com.br\/home\/wp-content\/uploads\/2024\/12\/provedor-brasil-promocao-para-clientes-de-hospedagem.png\" alt=\"\" class=\"wp-image-1761\" srcset=\"https:\/\/provedorbrasil.com.br\/home\/wp-content\/uploads\/2024\/12\/provedor-brasil-promocao-para-clientes-de-hospedagem.png 3125w, https:\/\/provedorbrasil.com.br\/home\/wp-content\/uploads\/2024\/12\/provedor-brasil-promocao-para-clientes-de-hospedagem-300x53.png 300w, https:\/\/provedorbrasil.com.br\/home\/wp-content\/uploads\/2024\/12\/provedor-brasil-promocao-para-clientes-de-hospedagem-1024x181.png 1024w, https:\/\/provedorbrasil.com.br\/home\/wp-content\/uploads\/2024\/12\/provedor-brasil-promocao-para-clientes-de-hospedagem-768x135.png 768w, https:\/\/provedorbrasil.com.br\/home\/wp-content\/uploads\/2024\/12\/provedor-brasil-promocao-para-clientes-de-hospedagem-1536x271.png 1536w, https:\/\/provedorbrasil.com.br\/home\/wp-content\/uploads\/2024\/12\/provedor-brasil-promocao-para-clientes-de-hospedagem-2048x361.png 2048w\" sizes=\"auto, (max-width: 3125px) 100vw, 3125px\" \/><\/figure>\n\n\n\n<p class=\"has-text-align-center has-medium-font-size\">Com nossa hospedagem, voc\u00ea poder\u00e1 ter o Certificado de Seguran\u00e7a (SSL) e E-mails Personalizados com seu dom\u00ednio. <br><strong>N\u00d3S RESOLVEREMOS TUDO PARA VOC\u00ca.<\/strong>&nbsp;<\/p>\n\n\n\n<p class=\"has-text-align-center has-medium-font-size\">O <strong>ATENDIMENTO \u00c9 HUMANIZADO<\/strong>, SEM CHATBOTS OU FORMUL\u00c1RIOS INTERMIN\u00c1VEIS.<\/p>\n","protected":false},"excerpt":{"rendered":"<p>CONTE\u00daDO RELEVANTE PADR\u00c3O GOOGLE: Todas as p\u00e1ginas, artigos, textos, m\u00eddia (fotos e\/ou v\u00eddeos) pensados e desenvolvidos no padr\u00e3o atual do Google, isso permite que seu site tenha mais engajamento PLATAFORMA CMS WORD PRESS: A plataforma CMS Word Press \u00e9 o adminstrador on-line mais utilizado no mundo com uma estrutura avan\u00e7ada onde podemos atualizar o site [&hellip;]<\/p>\n","protected":false},"author":1,"featured_media":0,"parent":0,"menu_order":3,"comment_status":"closed","ping_status":"closed","template":"templates\/template-page-full-width.php","meta":{"_eb_attr":"","footnotes":""},"class_list":["post-644","page","type-page","status-publish","hentry"],"_links":{"self":[{"href":"https:\/\/provedorbrasil.com.br\/home\/wp-json\/wp\/v2\/pages\/644","targetHints":{"allow":["GET"]}}],"collection":[{"href":"https:\/\/provedorbrasil.com.br\/home\/wp-json\/wp\/v2\/pages"}],"about":[{"href":"https:\/\/provedorbrasil.com.br\/home\/wp-json\/wp\/v2\/types\/page"}],"author":[{"embeddable":true,"href":"https:\/\/provedorbrasil.com.br\/home\/wp-json\/wp\/v2\/users\/1"}],"replies":[{"embeddable":true,"href":"https:\/\/provedorbrasil.com.br\/home\/wp-json\/wp\/v2\/comments?post=644"}],"version-history":[{"count":65,"href":"https:\/\/provedorbrasil.com.br\/home\/wp-json\/wp\/v2\/pages\/644\/revisions"}],"predecessor-version":[{"id":1815,"href":"https:\/\/provedorbrasil.com.br\/home\/wp-json\/wp\/v2\/pages\/644\/revisions\/1815"}],"wp:attachment":[{"href":"https:\/\/provedorbrasil.com.br\/home\/wp-json\/wp\/v2\/media?parent=644"}],"curies":[{"name":"wp","href":"https:\/\/api.w.org\/{rel}","templated":true}]}}