{"id":24,"date":"2024-02-14T18:05:25","date_gmt":"2024-02-14T18:05:25","guid":{"rendered":"https:\/\/provedorbrasil.com.br\/home\/?page_id=24"},"modified":"2025-02-19T19:14:37","modified_gmt":"2025-02-19T19:14:37","slug":"suporte","status":"publish","type":"page","link":"https:\/\/provedorbrasil.com.br\/home\/suporte\/","title":{"rendered":"Suporte"},"content":{"rendered":"\n<h1 class=\"wp-block-heading has-text-align-center\">Ol\u00e1, sua ajuda est\u00e1 aqui. Desenvolvemos alguns modelos para te auxiliar com algumas d\u00favidas.<\/h1>\n\n\n\n<p class=\"has-text-align-center has-medium-font-size\">Para facilitar ainda mais seu dia-a-dia, colocamos nesta publica\u00e7\u00e3o, algumas op\u00e7\u00f5es de suporte t\u00e9cnico que nossos clientes mais tem d\u00favidas, com tutoriais simples, visando demonstrar de forma pr\u00e1tica os procedimentos que normalmente precisam ser realizados.<\/p>\n\n\n\n<div class=\"wp-block-media-text is-stacked-on-mobile\"><figure class=\"wp-block-media-text__media\"><img loading=\"lazy\" decoding=\"async\" width=\"1024\" height=\"1024\" src=\"https:\/\/provedorbrasil.com.br\/home\/wp-content\/uploads\/2025\/01\/img-emails-provedor-brasil-4-1024x1024.png\" alt=\"\" class=\"wp-image-1804 size-full\" srcset=\"https:\/\/provedorbrasil.com.br\/home\/wp-content\/uploads\/2025\/01\/img-emails-provedor-brasil-4-1024x1024.png 1024w, https:\/\/provedorbrasil.com.br\/home\/wp-content\/uploads\/2025\/01\/img-emails-provedor-brasil-4-300x300.png 300w, https:\/\/provedorbrasil.com.br\/home\/wp-content\/uploads\/2025\/01\/img-emails-provedor-brasil-4-150x150.png 150w, https:\/\/provedorbrasil.com.br\/home\/wp-content\/uploads\/2025\/01\/img-emails-provedor-brasil-4-768x768.png 768w, https:\/\/provedorbrasil.com.br\/home\/wp-content\/uploads\/2025\/01\/img-emails-provedor-brasil-4.png 1080w\" sizes=\"auto, (max-width: 1024px) 100vw, 1024px\" \/><\/figure><div class=\"wp-block-media-text__content\">\n<h2 class=\"wp-block-heading\"><strong>Como fazer para configurar meus e-mails?<\/strong><\/h2>\n\n\n\n<p>N\u00f3s, reunimos nesta p\u00e1gina todos os tutoriais de configura\u00e7\u00e3o de e-mails que possu\u00edmos para ajudar voc\u00ea a configurar sua caixa postal em seu aplicativo gerenciador de e-mails de sua prefer\u00eancia.<\/p>\n\n\n\n<h4 class=\"wp-block-heading\"><strong>Aplicativos desktop<\/strong><\/h4>\n\n\n\n<p>Configure sua conta de e-mail em&nbsp;<strong>programas instalados em seu computador<\/strong>, seja ele Windows, Mac ou Linux. Nesta categoria voc\u00ea encontra o popular&nbsp;Outlook, aplicativos para MacOS e boas solu\u00e7\u00f5es gratuitas como o Thunderbird.<\/p>\n\n\n\n<h4 class=\"wp-block-heading\"><strong>Smartphones e webmails<\/strong><\/h4>\n\n\n\n<p>Se voc\u00ea prefere ter a sua&nbsp;<strong>conta configurada em seu celular<\/strong>, basta primeiro instalar o aplicativo e depois realizar a configura\u00e7\u00e3o da caixa postal. Nesta categoria se destaca o aplicativo padr\u00e3o de e-mail do iPhone, mas voc\u00ea tamb\u00e9m encontra outros aplicativos.<\/p>\n\n\n\n<div class=\"wp-block-buttons is-layout-flex wp-block-buttons-is-layout-flex\">\n<div class=\"wp-block-button has-custom-font-size has-medium-font-size\"><a class=\"wp-block-button__link has-white-color has-luminous-vivid-amber-background-color has-text-color has-background has-link-color wp-element-button\" href=\"https:\/\/provedorbrasil.com.br\/home\/?page_id=744\"><strong>Saiba mais<\/strong><\/a><\/div>\n<\/div>\n<\/div><\/div>\n\n\n\n<div class=\"wp-block-columns is-layout-flex wp-container-core-columns-is-layout-9d6595d7 wp-block-columns-is-layout-flex\">\n<div class=\"wp-block-column is-layout-flow wp-block-column-is-layout-flow\">\n<h2 class=\"wp-block-heading\">Configura\u00e7\u00e3o POP:<\/h2>\n\n\n\n<p><strong>Configura\u00e7\u00e3o Outlook: POP (COM CRIPTOGRAFIA)<\/strong><br><br><strong>Servidor de Entrada:<\/strong> pop.uni5.net<br><strong>Porta:<\/strong> 995<br><strong>Criptografia: <\/strong>SSL\/TLS<br><br><strong>Servidor de Sa\u00edda:<\/strong> smtp.uni5.net<br><strong>Porta: <\/strong>587<br><strong>Criptografia:<\/strong> TLS<br><br><strong>Usu\u00e1rio:<\/strong> seunome@seudominio.com.br<br><strong>Senha:<\/strong> xxxxxxxx<br><br><strong>1\u00b0 Observa\u00e7\u00e3o: <\/strong>Clique em: Configura\u00e7\u00f5es de Conta\/Alterar\/Configura\u00e7\u00f5es de E-mail:<br><strong>Marcar a Op\u00e7\u00e3o:<\/strong><br>> Deixar uma c\u00f3pia das mensagens no servidor.<br>> Remover do servidor ap\u00f3s &#8220;30&#8221; dias (Edit\u00e1vel).<br>> Remover do servidor quando exclu\u00eddo de &#8220;Itens<br><br><strong>2\u00b0 Observa\u00e7\u00e3o: <\/strong>Clique em: Configura\u00e7\u00f5es de Conta\/Reparar\/Op\u00e7\u00f5es Avan\u00e7adas\/Reparar minha conta manualmente\/Reparar\/Emails de Sa\u00edda:<br>> Tempos limite do servidor (Arrastar para 3 minutos).<br>>Marcar a caixa &#8220;Meu servidor de sa\u00edda (SMTP) requer autentica\u00e7\u00e3o.<br>> Usar mesmas configura\u00e7\u00f5es do servidor de entrada de e-mails.<\/p>\n<\/div>\n\n\n\n<div class=\"wp-block-column is-layout-flow wp-block-column-is-layout-flow\">\n<h2 class=\"wp-block-heading\">Configura\u00e7\u00e3o IMAP:<\/h2>\n\n\n\n<p><strong>Configura\u00e7\u00e3o Outlook: IMAP (COM CRIPTOGRAFIA)<\/strong><br><br><strong>Servidor de Entrada:<\/strong> imap.uni5.net<br><strong>Porta:<\/strong> 993<br><strong>Criptografia: <\/strong>SSL\/TLS<br><br><strong>Servidor de Sa\u00edda:<\/strong> smtp.uni5.net<br><strong>Porta: <\/strong> 587<br><strong>Criptografia:<\/strong> TLS<br>ou<br><strong>Porta:<\/strong> 465 <br><strong>Criptografia:<\/strong> SSL<br><br><strong>Usu\u00e1rio:<\/strong> seunome@seudominio.com.br<br><strong>Senha:<\/strong> xxxxxxxx<\/p>\n<\/div>\n<\/div>\n\n\n\n<p><\/p>\n","protected":false},"excerpt":{"rendered":"<p>Ol\u00e1, sua ajuda est\u00e1 aqui. Desenvolvemos alguns modelos para te auxiliar com algumas d\u00favidas. Para facilitar ainda mais seu dia-a-dia, colocamos nesta publica\u00e7\u00e3o, algumas op\u00e7\u00f5es de suporte t\u00e9cnico que nossos clientes mais tem d\u00favidas, com tutoriais simples, visando demonstrar de forma pr\u00e1tica os procedimentos que normalmente precisam ser realizados. Configura\u00e7\u00e3o POP: Configura\u00e7\u00e3o Outlook: POP (COM [&hellip;]<\/p>\n","protected":false},"author":1,"featured_media":0,"parent":0,"menu_order":5,"comment_status":"closed","ping_status":"closed","template":"templates\/template-page-full-width.php","meta":{"_eb_attr":"","footnotes":""},"class_list":["post-24","page","type-page","status-publish","hentry"],"_links":{"self":[{"href":"https:\/\/provedorbrasil.com.br\/home\/wp-json\/wp\/v2\/pages\/24","targetHints":{"allow":["GET"]}}],"collection":[{"href":"https:\/\/provedorbrasil.com.br\/home\/wp-json\/wp\/v2\/pages"}],"about":[{"href":"https:\/\/provedorbrasil.com.br\/home\/wp-json\/wp\/v2\/types\/page"}],"author":[{"embeddable":true,"href":"https:\/\/provedorbrasil.com.br\/home\/wp-json\/wp\/v2\/users\/1"}],"replies":[{"embeddable":true,"href":"https:\/\/provedorbrasil.com.br\/home\/wp-json\/wp\/v2\/comments?post=24"}],"version-history":[{"count":22,"href":"https:\/\/provedorbrasil.com.br\/home\/wp-json\/wp\/v2\/pages\/24\/revisions"}],"predecessor-version":[{"id":1944,"href":"https:\/\/provedorbrasil.com.br\/home\/wp-json\/wp\/v2\/pages\/24\/revisions\/1944"}],"wp:attachment":[{"href":"https:\/\/provedorbrasil.com.br\/home\/wp-json\/wp\/v2\/media?parent=24"}],"curies":[{"name":"wp","href":"https:\/\/api.w.org\/{rel}","templated":true}]}}