{"id":19,"date":"2024-02-14T18:05:25","date_gmt":"2024-02-14T18:05:25","guid":{"rendered":"https:\/\/provedorbrasil.com.br\/home\/?page_id=19"},"modified":"2025-02-12T20:55:11","modified_gmt":"2025-02-12T20:55:11","slug":"empresa","status":"publish","type":"page","link":"https:\/\/provedorbrasil.com.br\/home\/empresa\/","title":{"rendered":"Empresa"},"content":{"rendered":"\n<div class=\"wp-block-group\"><div class=\"wp-block-group__inner-container is-layout-constrained wp-block-group-is-layout-constrained\">\n<div class=\"wp-block-columns is-layout-flex wp-container-core-columns-is-layout-9d6595d7 wp-block-columns-is-layout-flex\">\n<div class=\"wp-block-column is-layout-flow wp-block-column-is-layout-flow\" style=\"flex-basis:100%\">\n<h1 class=\"wp-block-heading has-text-align-left has-text-color has-link-color has-large-font-size wp-elements-315d8cd3206b72f5bf62a4e5d5fb55db\" style=\"color:#3c434a\"><mark style=\"background-color:rgba(0, 0, 0, 0)\" class=\"has-inline-color has-luminous-vivid-amber-color\">SOBRE o <\/mark>Provedor Brasil<\/h1>\n<\/div>\n<\/div>\n<\/div><\/div>\n\n\n\n<h2 class=\"wp-block-heading\"><strong>Acreditamos em um contato humano para o uso da tecnologia \u00e0 fim de estabelecer confian\u00e7a e credibilidade em nossos servi\u00e7os.<\/strong><\/h2>\n\n\n\n<p style=\"font-size:20px\">Sabemos que com o avan\u00e7o da tecnologia, muitas vezes consideramos que tudo \u00e9 autom\u00e1tico. Por\u00e9m, nossa vis\u00e3o sempre foi de que os clientes necessitam de muita aten\u00e7\u00e3o, dedica\u00e7\u00e3o e orienta\u00e7\u00e3o. Portanto, seja para uma pergunta sobre site, ou at\u00e9 mesmo configurar um e-mail em seu Outlook, precisamos de pessoas. \u00c9 isso que nos move, as pessoas.<\/p>\n\n\n<div class=\"wp-block-image\">\n<figure class=\"aligncenter size-full\"><img loading=\"lazy\" decoding=\"async\" width=\"1000\" height=\"150\" src=\"https:\/\/provedorbrasil.com.br\/home\/wp-content\/uploads\/2024\/02\/imagem-icones-empresa-provedor-brasil.png\" alt=\"\" class=\"wp-image-154\" srcset=\"https:\/\/provedorbrasil.com.br\/home\/wp-content\/uploads\/2024\/02\/imagem-icones-empresa-provedor-brasil.png 1000w, https:\/\/provedorbrasil.com.br\/home\/wp-content\/uploads\/2024\/02\/imagem-icones-empresa-provedor-brasil-300x45.png 300w, https:\/\/provedorbrasil.com.br\/home\/wp-content\/uploads\/2024\/02\/imagem-icones-empresa-provedor-brasil-768x115.png 768w\" sizes=\"auto, (max-width: 1000px) 100vw, 1000px\" \/><\/figure>\n<\/div>\n\n\n<p><\/p>\n\n\n\n<h2 class=\"wp-block-heading has-luminous-vivid-amber-color has-text-color has-link-color has-large-font-size wp-elements-e816285feed4c0b086513757f0265667\">Quem somos<\/h2>\n\n\n\n<h1 class=\"wp-block-heading\"><strong>Somos uma empresa de tecnologia digital.<\/strong><\/h1>\n\n\n\n<p style=\"font-size:20px\">Evolu\u00e7\u00e3o faz parte da nossa trajet\u00f3ria. Por isso, estamos sempre inovando, acompanhando as tend\u00eancias e simplificando os produtos e servi\u00e7os, buscando a excel\u00eancia e dedica\u00e7\u00e3o a cada entrega, sempre com o m\u00e1ximo comprometimento, integridade e honrando nossos contratos resultando em parcerias muito duradouras. <\/p>\n\n\n\n<p style=\"font-size:20px\">Para come\u00e7ar, trabalhamos neste ramo h\u00e1 mais de 20 anos e durante este per\u00edodo, passamos por diversas mudan\u00e7as \u00e0 fim de inovar e garantir cuidadosamente o desempenho dos servi\u00e7os, gerando confian\u00e7a e aprimorando nossa rela\u00e7\u00e3o com os clientes.<\/p>\n\n\n\n<p style=\"font-size:20px\">Temos gratid\u00e3o por todos os aprendizados di\u00e1rios. Reconhecemos o momento, focando nos pontos positivos e transformando os negativos em aprendizado.<\/p>\n\n\n\n<p style=\"font-size:20px\">Constru\u00edmos o melhor ambiente poss\u00edvel para que nossos clientes possam se sentir acolhidos e confort\u00e1veis para desfrutar de nossas plataformas, ajudando no dia-a-dia das empresas e pessoas.<br><\/p>\n\n\n\n<figure class=\"wp-block-image size-full\"><img loading=\"lazy\" decoding=\"async\" width=\"1920\" height=\"1180\" src=\"https:\/\/provedorbrasil.com.br\/home\/wp-content\/uploads\/2024\/02\/imagem-empresa-provedor-brasil-quem-somos.jpg\" alt=\"\" class=\"wp-image-129\" srcset=\"https:\/\/provedorbrasil.com.br\/home\/wp-content\/uploads\/2024\/02\/imagem-empresa-provedor-brasil-quem-somos.jpg 1920w, https:\/\/provedorbrasil.com.br\/home\/wp-content\/uploads\/2024\/02\/imagem-empresa-provedor-brasil-quem-somos-300x184.jpg 300w, https:\/\/provedorbrasil.com.br\/home\/wp-content\/uploads\/2024\/02\/imagem-empresa-provedor-brasil-quem-somos-1024x629.jpg 1024w, https:\/\/provedorbrasil.com.br\/home\/wp-content\/uploads\/2024\/02\/imagem-empresa-provedor-brasil-quem-somos-768x472.jpg 768w, https:\/\/provedorbrasil.com.br\/home\/wp-content\/uploads\/2024\/02\/imagem-empresa-provedor-brasil-quem-somos-1536x944.jpg 1536w\" sizes=\"auto, (max-width: 1920px) 100vw, 1920px\" \/><\/figure>\n\n\n\n<p><\/p>\n\n\n\n<h2 class=\"wp-block-heading has-luminous-vivid-amber-color has-text-color has-link-color has-large-font-size wp-elements-2f8c3b5030f822a61a299674eb101db0\">Motivos para confiar<\/h2>\n\n\n\n<h1 class=\"wp-block-heading\"><strong>Servidores 100% no Brasil<\/strong>.<\/h1>\n\n\n\n<p style=\"font-size:20px\">Infraestrutura com todos os servidores situados no pa\u00eds, garantindo mais estabilidade e baixa lat\u00eancia. Isso significa que sites hospedados aqui s\u00e3o mais r\u00e1pidos.<\/p>\n\n\n\n<p style=\"font-size:20px\">Suporte t\u00e9cnico especializado<\/p>\n\n\n\n<p style=\"font-size:20px\">Profissionais com preparo para ajudar nas diversas \u00e1reas que envolvem a hospedagem de sites e principalmente e-mails. Nosso atendimento \u00e9 feito por pessoas e \u00e9 sempre humanizado.<\/p>\n\n\n\n<p style=\"font-size:20px\">Servidores Dell de alta tecnologia e performance avan\u00e7ada que garantem muita capacidade de dados, maior durabilidade e armazenamento superior de excel\u00eancia.<\/p>\n\n\n\n<h1 class=\"wp-block-heading has-luminous-vivid-amber-color has-text-color has-large-font-size\">Monitoramento e preven\u00e7\u00e3o<\/h1>\n\n\n\n<h1 class=\"wp-block-heading\"><strong>Infraestrutura segura e robusta.<\/strong><\/h1>\n\n\n\n<p style=\"font-size:20px\">24 horas por dia nosso time faz acompanhamento de carga, balanceamento para estabilidade dos sites, monitoramento e preven\u00e7\u00e3o de ataques e amea\u00e7as.<\/p>\n\n\n\n<p><\/p>\n\n\n\n<h2 class=\"wp-block-heading has-luminous-vivid-amber-color has-text-color has-link-color has-large-font-size wp-elements-cf6e5495d2c2ba8a1caab6c9a7cfddaa\">Principais canais<\/h2>\n\n\n\n<h1 class=\"wp-block-heading has-large-font-size\"><strong>Suporte WhatsApp \u00e9 um diferencial.<\/strong><\/h1>\n\n\n\n<p style=\"font-size:20px\">Como j\u00e1 citamos, o mesmo se refere na assist\u00eancia para nossos clientes. Voc\u00ea pode fazer solicita\u00e7\u00f5es, tirar d\u00favidas e at\u00e9 mesmo agendar algum servi\u00e7o pelo WhatsApp. N\u00e3o esquecendo que para qualquer tipo de atendimento, um de nossos colaboradores ir\u00e1 lhe atender. Atendimentos robotizados na maioria das vezes n\u00e3o refletem a real necessidade do usu\u00e1rio, causando perda de tempo e insatisfa\u00e7\u00e3o. <\/p>\n\n\n\n<p style=\"font-size:20px\"><\/p>\n\n\n\n<div class=\"wp-block-buttons has-custom-font-size has-small-font-size is-layout-flex wp-block-buttons-is-layout-flex\">\n<div class=\"wp-block-button\"><a class=\"wp-block-button__link wp-element-button\">Contate Nossa Equipe<\/a><\/div>\n<\/div>\n\n\n\n<h2 class=\"wp-block-heading\">Nos siga nas redes sociais:<\/h2>\n\n\n\n<div class=\"wp-block-columns has-small-font-size is-layout-flex wp-container-core-columns-is-layout-9d6595d7 wp-block-columns-is-layout-flex\">\n<div class=\"wp-block-column is-layout-flow wp-block-column-is-layout-flow\" style=\"flex-basis:50px\">\n<figure class=\"wp-block-image size-full is-resized\"><a href=\"https:\/\/api.whatsapp.com\/send\/?phone=5551991785718&amp;text=Ol%C3%A1%2C%0D%0Acomo+posso+te+ajudar%3F&amp;type=phone_number&amp;app_absent=0\" target=\"_blank\" rel=\" noreferrer noopener\"><img loading=\"lazy\" decoding=\"async\" width=\"50\" height=\"50\" src=\"https:\/\/provedorbrasil.com.br\/home\/wp-content\/uploads\/2024\/02\/logo-whatsapp-pb-3.png\" alt=\"\" class=\"wp-image-141\" style=\"object-fit:cover;width:50px;height:50px\"\/><\/a><\/figure>\n<\/div>\n\n\n\n<div class=\"wp-block-column is-layout-flow wp-block-column-is-layout-flow\" style=\"flex-basis:50px\">\n<figure class=\"wp-block-image size-full is-resized\"><a href=\"https:\/\/www.instagram.com\/provedorbrasilwebhosting\/\" target=\"_blank\" rel=\" noreferrer noopener\"><img loading=\"lazy\" decoding=\"async\" width=\"50\" height=\"50\" src=\"https:\/\/provedorbrasil.com.br\/home\/wp-content\/uploads\/2024\/02\/logo-instagran-pb-4.png\" alt=\"\" class=\"wp-image-142\" style=\"object-fit:cover;width:50px;height:50px\"\/><\/a><\/figure>\n<\/div>\n\n\n\n<div class=\"wp-block-column is-layout-flow wp-block-column-is-layout-flow\" style=\"flex-basis:50px\">\n<figure class=\"wp-block-image size-full is-resized\"><a href=\"https:\/\/www.facebook.com\/profile.php?id=61572858517570&amp;rdid=xiLn43SYHFZQMolM&amp;share_url=https%3A%2F%2Fwww.facebook.com%2Fshare%2F1635wtDozq%2F#\" target=\"_blank\" rel=\" noreferrer noopener\"><img loading=\"lazy\" decoding=\"async\" width=\"50\" height=\"50\" src=\"https:\/\/provedorbrasil.com.br\/home\/wp-content\/uploads\/2024\/02\/logo-facebook-pb-2.png\" alt=\"\" class=\"wp-image-134\" style=\"object-fit:cover;width:50px;height:50px\"\/><\/a><\/figure>\n<\/div>\n\n\n\n<div class=\"wp-block-column is-layout-flow wp-block-column-is-layout-flow\" style=\"flex-basis:50px\">\n<figure class=\"wp-block-image size-full is-resized\"><a href=\"https:\/\/www.linkedin.com\/in\/provedor-brasil-304ab02a4?utm_source=share&amp;utm_campaign=share_via&amp;utm_content=profile&amp;utm_medium=android_app\" target=\"_blank\" rel=\" noreferrer noopener\"><img loading=\"lazy\" decoding=\"async\" width=\"50\" height=\"50\" src=\"https:\/\/provedorbrasil.com.br\/home\/wp-content\/uploads\/2024\/02\/logo-linkedin-pb-3.png\" alt=\"\" class=\"wp-image-139\" style=\"object-fit:cover;width:50px;height:50px\"\/><\/a><\/figure>\n<\/div>\n<\/div>\n\n\n\n<div class=\"wp-block-group\"><div class=\"wp-block-group__inner-container is-layout-constrained wp-block-group-is-layout-constrained\">\n<h1 class=\"wp-block-heading has-luminous-vivid-amber-color has-text-color has-link-color has-large-font-size wp-elements-761304cca6ed60fdf63a8fb9e3fbd9f3\"><strong>Nossa cultura<\/strong><\/h1>\n<\/div><\/div>\n\n\n\n<h1 class=\"wp-block-heading\"><strong>Simplificamos a rela\u00e7\u00e3o com a tecnologia para todas as pessoas<\/strong>.<\/h1>\n\n\n\n<p style=\"font-size:20px\">Tanto para quem j\u00e1 tem conhecimento t\u00e9cnico quanto para quem n\u00e3o \u00e9 familiarizado com o universo digital, n\u00f3s&nbsp;<strong>simplificamos e facilitamos<\/strong>&nbsp;suas rela\u00e7\u00f5es com a tecnologia.<br><br>Como refer\u00eancia em hospedagem de sites, desenvolvemos solu\u00e7\u00f5es digitais para profissionais de tecnologia e pessoas empreendedoras. <\/p>\n\n\n\n<p style=\"font-size:20px\">Possuimos o reconhecimento dos clientes, conquistando nosso lugar j\u00e1 que priorizamos o atendimento humanizado que se destaca dentre os concorrentes.<\/p>\n","protected":false},"excerpt":{"rendered":"<p>SOBRE o Provedor Brasil Acreditamos em um contato humano para o uso da tecnologia \u00e0 fim de estabelecer confian\u00e7a e credibilidade em nossos servi\u00e7os. Sabemos que com o avan\u00e7o da tecnologia, muitas vezes consideramos que tudo \u00e9 autom\u00e1tico. Por\u00e9m, nossa vis\u00e3o sempre foi de que os clientes necessitam de muita aten\u00e7\u00e3o, dedica\u00e7\u00e3o e orienta\u00e7\u00e3o. Portanto, [&hellip;]<\/p>\n","protected":false},"author":1,"featured_media":0,"parent":0,"menu_order":1,"comment_status":"closed","ping_status":"closed","template":"templates\/template-page-full-width.php","meta":{"_eb_attr":"","footnotes":""},"class_list":["post-19","page","type-page","status-publish","hentry"],"_links":{"self":[{"href":"https:\/\/provedorbrasil.com.br\/home\/wp-json\/wp\/v2\/pages\/19","targetHints":{"allow":["GET"]}}],"collection":[{"href":"https:\/\/provedorbrasil.com.br\/home\/wp-json\/wp\/v2\/pages"}],"about":[{"href":"https:\/\/provedorbrasil.com.br\/home\/wp-json\/wp\/v2\/types\/page"}],"author":[{"embeddable":true,"href":"https:\/\/provedorbrasil.com.br\/home\/wp-json\/wp\/v2\/users\/1"}],"replies":[{"embeddable":true,"href":"https:\/\/provedorbrasil.com.br\/home\/wp-json\/wp\/v2\/comments?post=19"}],"version-history":[{"count":90,"href":"https:\/\/provedorbrasil.com.br\/home\/wp-json\/wp\/v2\/pages\/19\/revisions"}],"predecessor-version":[{"id":1813,"href":"https:\/\/provedorbrasil.com.br\/home\/wp-json\/wp\/v2\/pages\/19\/revisions\/1813"}],"wp:attachment":[{"href":"https:\/\/provedorbrasil.com.br\/home\/wp-json\/wp\/v2\/media?parent=19"}],"curies":[{"name":"wp","href":"https:\/\/api.w.org\/{rel}","templated":true}]}}