{"id":1129,"date":"2024-07-16T19:38:47","date_gmt":"2024-07-16T19:38:47","guid":{"rendered":"https:\/\/provedorbrasil.com.br\/home\/?page_id=1129"},"modified":"2024-07-17T22:49:33","modified_gmt":"2024-07-17T22:49:33","slug":"registre-seu-dominio","status":"publish","type":"page","link":"https:\/\/provedorbrasil.com.br\/home\/registre-seu-dominio\/","title":{"rendered":"Registre seu DOM\u00cdNIO"},"content":{"rendered":"\n<h2 class=\"wp-block-heading has-text-align-center\"><strong>Encontre os melhores nomes de dom\u00ednio para o seu site<\/strong><\/h2>\n\n\n\n<p class=\"has-text-align-center\"><strong>Para come\u00e7ar, prestamos um servi\u00e7o de consultoria TOTALMENTE gratuito para te auxiliar na busca de um nome perfeito.<\/strong><\/p>\n\n\n\n<h2 class=\"wp-block-heading has-text-align-center\"><strong>Afinal, por que registrar um dom\u00ednio?<\/strong><\/h2>\n\n\n\n<p class=\"has-text-align-center\">Ter um bom endere\u00e7o \u00e9 muito importante para os neg\u00f3cios. Um bom\u00a0<strong>nome de dom\u00ednio<\/strong>\u00a0garante que seus clientes encontrem sua empresa com mais facilidade na internet. <br>Veja outras vantagens de registrar um dom\u00ednio:<\/p>\n\n\n\n<div class=\"wp-block-columns is-layout-flex wp-container-core-columns-is-layout-9d6595d7 wp-block-columns-is-layout-flex\">\n<div class=\"wp-block-column is-layout-flow wp-block-column-is-layout-flow\">\n<div class=\"wp-block-essential-blocks-infobox  root-eb-infobox-ccv0g\"><div class=\"eb-parent-wrapper eb-parent-eb-infobox-ccv0g \"><div class=\"eb-infobox-ccv0g eb-infobox-wrapper\"><div class=\"infobox-wrapper-inner\"><div class=\"icon-img-wrapper\"><div class=\"eb-icon number-or-icon\"><i icon=\"far fa-circle-check\" class=\"far fa-circle-check eb-infobox-icon-data-selector\"><\/i><\/div><\/div><div class=\"contents-wrapper\"><h2 class=\"title\">Credibilidade<\/h2><p class=\"description\"><strong>Aumenta a credibilidade<\/strong>\u00a0do nome da sua empresa.<\/p><\/div><\/div><\/div><\/div><\/div>\n<\/div>\n\n\n\n<div class=\"wp-block-column is-layout-flow wp-block-column-is-layout-flow\">\n<div class=\"wp-block-essential-blocks-infobox  root-eb-infobox-gyvo5\"><div class=\"eb-parent-wrapper eb-parent-eb-infobox-gyvo5 \"><div class=\"eb-infobox-gyvo5 eb-infobox-wrapper\"><div class=\"infobox-wrapper-inner\"><div class=\"icon-img-wrapper\"><div class=\"eb-icon number-or-icon\"><i icon=\"far fa-circle-dot\" class=\"far fa-circle-dot eb-infobox-icon-data-selector\"><\/i><\/div><\/div><div class=\"contents-wrapper\"><h2 class=\"title\">Centraliza<\/h2><p class=\"description\"><strong>Unifica os pontos de contato\u00a0<\/strong>da sua marca ou empresa.<\/p><\/div><\/div><\/div><\/div><\/div>\n<\/div>\n\n\n\n<div class=\"wp-block-column is-layout-flow wp-block-column-is-layout-flow\">\n<div class=\"wp-block-essential-blocks-infobox  root-eb-infobox-ja39b\"><div class=\"eb-parent-wrapper eb-parent-eb-infobox-ja39b \"><div class=\"eb-infobox-ja39b eb-infobox-wrapper\"><div class=\"infobox-wrapper-inner\"><div class=\"icon-img-wrapper\"><div class=\"eb-icon number-or-icon\"><i icon=\"far fa-circle-up\" class=\"far fa-circle-up eb-infobox-icon-data-selector\"><\/i><\/div><\/div><div class=\"contents-wrapper\"><h2 class=\"title\">Operante<\/h2><p class=\"description\">Sua empresa, loja virtual ou blog\u00a0<strong>online 24h por dia<\/strong>.<\/p><\/div><\/div><\/div><\/div><\/div>\n<\/div>\n<\/div>\n\n\n\n<h2 class=\"wp-block-heading has-text-align-center\"><strong>Voc\u00ea sabe o que \u00e9 dom\u00ednio?<\/strong><\/h2>\n\n\n\n<p>O dom\u00ednio de site\u00a0<strong>\u00e9 aquele que aparece logo ap\u00f3s o \u201cwww\u201d na barra de endere\u00e7os do seu navegador<\/strong>. Ele \u00e9 um item b\u00e1sico na cria\u00e7\u00e3o de um site profissional para sua empresa. <br>A URL do site \u00e9 um endere\u00e7o eletr\u00f4nico ou o caminho pelo qual os usu\u00e1rios chegam at\u00e9 sua marca. Ou seja, conecta seu neg\u00f3cio com o mundo.<\/p>\n\n\n\n<h2 class=\"wp-block-heading has-text-align-center\"><strong>3 dicas para comprar o dom\u00ednio de site perfeito<\/strong><\/h2>\n\n\n\n<p class=\"has-text-align-center\">Siga os passos abaixo e tenha a certeza de estar registrando um \u00f3timo dom\u00ednio para o seu site.<\/p>\n\n\n\n<div class=\"wp-block-essential-blocks-feature-list  root-eb-feature-list-pugox\"><div class=\"eb-parent-wrapper eb-parent-eb-feature-list-pugox \"><div class=\"eb-feature-list-pugox eb-feature-list-wrapper -icon-position-left -tablet-icon-position-left -mobile-icon-position-left eb-feature-list-left\"><ul class=\"eb-feature-list-items circle stacked\"><li class=\"eb-feature-list-item\" data-new-tab=\"false\" data-icon-type=\"icon\" data-icon=\"fas fa-ellipsis\" data-icon-color=\"\" data-link=\"\"><div class=\"eb-feature-list-icon-box\"><div class=\"eb-feature-list-icon-inner\"><span class=\"eb-feature-list-icon\" style=\"color:\"><i icon=\"fas fa-ellipsis\" class=\"fas fa-ellipsis \"><\/i><\/span><\/div><\/div><div class=\"eb-feature-list-content-box\"><h3 class=\"eb-feature-list-title\">Escolha um nome de dom\u00ednio simples<\/h3><p class=\"eb-feature-list-content\">Evite usar dom\u00ednios complicados. Pense em facilitar a vida do seu cliente quando ele for procurar o nome da sua empresa ou o que voc\u00ea faz na internet.<\/p><\/div><\/li><li class=\"eb-feature-list-item\" data-new-tab=\"false\" data-icon-type=\"icon\" data-icon=\"far fa-hand-point-right\" data-icon-color=\"\" data-link=\"\"><div class=\"eb-feature-list-icon-box\"><div class=\"eb-feature-list-icon-inner\"><span class=\"eb-feature-list-icon\" style=\"color:\"><i icon=\"far fa-hand-point-right\" class=\"far fa-hand-point-right \"><\/i><\/span><\/div><\/div><div class=\"eb-feature-list-content-box\"><h3 class=\"eb-feature-list-title\">Utilize palavras-chaves em seu novo dom\u00ednio<\/h3><p class=\"eb-feature-list-content\">Se poss\u00edvel, inclua palavras que descrevam sua empresa em seu novo dom\u00ednio. Isso melhora as suas chances de aparecer nas primeiras posi\u00e7\u00f5es do Google.<\/p><\/div><\/li><li class=\"eb-feature-list-item\" data-new-tab=\"false\" data-icon-type=\"icon\" data-icon=\"fas fa-magnifying-glass-arrow-right\" data-icon-color=\"\" data-link=\"\"><div class=\"eb-feature-list-icon-box\"><div class=\"eb-feature-list-icon-inner\"><span class=\"eb-feature-list-icon\" style=\"color:\"><i icon=\"fas fa-magnifying-glass-arrow-right\" class=\"fas fa-magnifying-glass-arrow-right \"><\/i><\/span><\/div><\/div><div class=\"eb-feature-list-content-box\"><h3 class=\"eb-feature-list-title\">Saia do comum ao registrar um dom\u00ednio<\/h3><p class=\"eb-feature-list-content\">Uma boa estrat\u00e9gia para se destacar na internet \u00e9 explorar as extens\u00f5es de dom\u00ednios personalizadas. Com isso voc\u00ea consegue criar um dom\u00ednio diferenciado para o seu site.<\/p><\/div><\/li><\/ul><\/div><\/div><\/div>\n\n\n\n<h2 class=\"wp-block-heading has-text-align-center\"><\/h2>\n\n\n\n<div class=\"wp-block-columns is-layout-flex wp-container-core-columns-is-layout-9d6595d7 wp-block-columns-is-layout-flex\">\n<div class=\"wp-block-column is-layout-flow wp-block-column-is-layout-flow\">\n<h2 class=\"wp-block-heading\"><strong>Como registrar um dom\u00ednio no<\/strong> Provedor Brasil?<\/h2>\n\n\n\n<p>1. Escolha um nome de dom\u00ednio\u00a0<strong>simples e criativo<\/strong>\u00a0para o seu site.<\/p>\n\n\n\n<p>2. Selecione uma\u00a0<strong>extens\u00e3o de dom\u00ednio<\/strong>, como: \u2018.com\u2019 ou \u2018.com.br\u2019<\/p>\n\n\n\n<p>3. Pronto! Agora basta nos enviar no whatsapp o nome sugerido que analisamos gratuitamente se seu dom\u00ednio est\u00e1 dispon\u00edvel para registro. Hospedando com o Provedor Brasil, faremos todo o processo de registro gratuitamente, voc\u00ea s\u00f3 paga a taxa. Caso queira registrar conosco, mas hospedar em outro servidor, consulte o valor da taxa de registro com nossos consultores.<\/p>\n\n\n\n<div class=\"wp-block-essential-blocks-button  root-eb-button-t0awj\"><div class=\"eb-parent-wrapper eb-parent-eb-button-t0awj \"><div class=\"eb-button-wrapper eb-button-alignment eb-button-t0awj\"><div class=\"eb-button\"><a class=\"eb-button-anchor\" href=\"https:\/\/api.whatsapp.com\/send\/?phone=5551991785718&amp;text=Ol%C3%A1%2C%0D%0Acomo+posso+te+ajudar%3F&amp;type=phone_number&amp;app_absent=0\" target=\"_blank\" rel=\"noopener\"><i icon=\"fab fa-whatsapp\" class=\"fab fa-whatsapp eb-button-icon eb-button-icon-left hvr-icon\"><\/i>Fale com um consultor<\/a><\/div><\/div><\/div><\/div>\n\n\n\n<h2 class=\"wp-block-heading\">VALORIZE SUA EMPRESA<\/h2>\n\n\n\n<p><strong>O dom\u00ednio web ideal para o seu neg\u00f3cio<\/strong><\/p>\n\n\n\n<p>J\u00e1 pensou em usar extens\u00f5es de dom\u00ednios que valorizem a sua empresa ou \u00e1rea de atua\u00e7\u00e3o? No Provedor Brasil voc\u00ea encontra a extens\u00e3o perfeita para o seu neg\u00f3cio.<\/p>\n<\/div>\n\n\n\n<div class=\"wp-block-column is-layout-flow wp-block-column-is-layout-flow\">\n<figure class=\"wp-block-image size-full\"><img loading=\"lazy\" decoding=\"async\" width=\"800\" height=\"800\" src=\"https:\/\/provedorbrasil.com.br\/home\/wp-content\/uploads\/2024\/07\/img-registro-provedor-brasil-1-800x800-1.png\" alt=\"\" class=\"wp-image-1163\" srcset=\"https:\/\/provedorbrasil.com.br\/home\/wp-content\/uploads\/2024\/07\/img-registro-provedor-brasil-1-800x800-1.png 800w, https:\/\/provedorbrasil.com.br\/home\/wp-content\/uploads\/2024\/07\/img-registro-provedor-brasil-1-800x800-1-300x300.png 300w, https:\/\/provedorbrasil.com.br\/home\/wp-content\/uploads\/2024\/07\/img-registro-provedor-brasil-1-800x800-1-150x150.png 150w, https:\/\/provedorbrasil.com.br\/home\/wp-content\/uploads\/2024\/07\/img-registro-provedor-brasil-1-800x800-1-768x768.png 768w\" sizes=\"auto, (max-width: 800px) 100vw, 800px\" \/><\/figure>\n<\/div>\n<\/div>\n\n\n\n<h2 class=\"wp-block-heading\"><strong>Por que registrar o seu dom\u00ednio com o Provedor Brasil?<\/strong><\/h2>\n\n\n\n<div class=\"wp-block-essential-blocks-feature-list  root-eb-feature-list-zy3ly\"><div class=\"eb-parent-wrapper eb-parent-eb-feature-list-zy3ly \"><div class=\"eb-feature-list-zy3ly eb-feature-list-wrapper -icon-position-left -tablet-icon-position-left -mobile-icon-position-left eb-feature-list-left\"><ul class=\"eb-feature-list-items circle stacked\"><li class=\"eb-feature-list-item\" data-new-tab=\"false\" data-icon-type=\"icon\" data-icon=\"dashicons-sticky\" data-icon-color=\"\" data-link=\"\"><div class=\"eb-feature-list-icon-box\"><div class=\"eb-feature-list-icon-inner\"><span class=\"eb-feature-list-icon\" style=\"color:\"><span class=\"dashicon dashicons dashicons-sticky\"><\/span><\/span><\/div><\/div><div class=\"eb-feature-list-content-box\"><h3 class=\"eb-feature-list-title\">Mais seguran\u00e7a para voc\u00ea.<\/h3><p class=\"eb-feature-list-content\">Aqui voc\u00ea tem toda a prote\u00e7\u00e3o e cuidamos de todas as datas de vencimento para renovar e n\u00e3o causar trastornos futuros com o seu dom\u00ednio.<\/p><\/div><\/li><li class=\"eb-feature-list-item\" data-new-tab=\"false\" data-icon-type=\"icon\" data-icon=\"dashicons-sticky\" data-icon-color=\"\" data-link=\"\"><div class=\"eb-feature-list-icon-box\"><div class=\"eb-feature-list-icon-inner\"><span class=\"eb-feature-list-icon\" style=\"color:\"><span class=\"dashicon dashicons dashicons-sticky\"><\/span><\/span><\/div><\/div><div class=\"eb-feature-list-content-box\"><h3 class=\"eb-feature-list-title\">Registro de dom\u00ednio barato.<\/h3><p class=\"eb-feature-list-content\">No Provedor Brasil voc\u00ea encontra as melhores condi\u00e7\u00f5es para registrar o seu dom\u00ednio e transformar o seu site em realidade.<\/p><\/div><\/li><li class=\"eb-feature-list-item\" data-new-tab=\"false\" data-icon-type=\"icon\" data-icon=\"dashicons-sticky\" data-icon-color=\"\" data-link=\"\"><div class=\"eb-feature-list-icon-box\"><div class=\"eb-feature-list-icon-inner\"><span class=\"eb-feature-list-icon\" style=\"color:\"><span class=\"dashicon dashicons dashicons-sticky\"><\/span><\/span><\/div><\/div><div class=\"eb-feature-list-content-box\"><h3 class=\"eb-feature-list-title\">Renova\u00e7\u00e3o inteligente.<\/h3><p class=\"eb-feature-list-content\">Com nosso sistema de renova\u00e7\u00e3o simplificada voc\u00ea \u00e9 informado sobre a data certa de renovar e analisamos todas as ferramentas para facilitar o processo.<\/p><\/div><\/li><li class=\"eb-feature-list-item\" data-new-tab=\"false\" data-icon-type=\"icon\" data-icon=\"dashicons-sticky\" data-icon-color=\"\" data-link=\"\"><div class=\"eb-feature-list-icon-box\"><div class=\"eb-feature-list-icon-inner\"><span class=\"eb-feature-list-icon\" style=\"color:\"><span class=\"dashicon dashicons dashicons-sticky\"><\/span><\/span><\/div><\/div><div class=\"eb-feature-list-content-box\"><h3 class=\"eb-feature-list-title\">Painel f\u00e1cil de usar.<\/h3><p class=\"eb-feature-list-content\">Acompanhe tudo sobre seu dom\u00ednio, vincule um novo dom\u00ednio ao seu plano ou contrate um novo contatando nossa equipe.<\/p><\/div><\/li><li class=\"eb-feature-list-item\" data-new-tab=\"false\" data-icon-type=\"icon\" data-icon=\"dashicons-sticky\" data-icon-color=\"\" data-link=\"\"><div class=\"eb-feature-list-icon-box\"><div class=\"eb-feature-list-icon-inner\"><span class=\"eb-feature-list-icon\" style=\"color:\"><span class=\"dashicon dashicons dashicons-sticky\"><\/span><\/span><\/div><\/div><div class=\"eb-feature-list-content-box\"><h3 class=\"eb-feature-list-title\">Suporte Humanizado.<\/h3><p class=\"eb-feature-list-content\">Caso tenha alguma d\u00favida sobre como registrar um dom\u00ednio, n\u00e3o se preocupe. Nossa equipe de suporte est\u00e1 online via whatsapp ou e-mail 24h por dia 7 dias por semana para te ajudar.<\/p><\/div><\/li><\/ul><\/div><\/div><\/div>\n\n\n\n<p><strong>Ainda tem alguma d\u00favida sobre como registrar um dom\u00ednio?<\/strong><\/p>\n\n\n\n<p>N\u00e3o importa qual seja a sua pergunta, n\u00f3s te ajudamos a\u00a0<strong>registrar o melhor dom\u00ednio<\/strong>\u00a0para o seu site. Nossa miss\u00e3o \u00e9 esclarecer todas as d\u00favidas, direcionando para voc\u00ea\u00a0<strong>conquistar grandes resultados<\/strong>\u00a0atrav\u00e9s da internet. Fale com um consultor, diga qual nome deseja registrar, pois ser\u00e1 um prazer te ajudar.<\/p>\n","protected":false},"excerpt":{"rendered":"<p>Encontre os melhores nomes de dom\u00ednio para o seu site Para come\u00e7ar, prestamos um servi\u00e7o de consultoria TOTALMENTE gratuito para te auxiliar na busca de um nome perfeito. Afinal, por que registrar um dom\u00ednio? Ter um bom endere\u00e7o \u00e9 muito importante para os neg\u00f3cios. Um bom\u00a0nome de dom\u00ednio\u00a0garante que seus clientes encontrem sua empresa com [&hellip;]<\/p>\n","protected":false},"author":1,"featured_media":0,"parent":0,"menu_order":0,"comment_status":"closed","ping_status":"closed","template":"templates\/template-page-full-width.php","meta":{"_eb_attr":"","footnotes":""},"class_list":["post-1129","page","type-page","status-publish","hentry"],"_links":{"self":[{"href":"https:\/\/provedorbrasil.com.br\/home\/wp-json\/wp\/v2\/pages\/1129","targetHints":{"allow":["GET"]}}],"collection":[{"href":"https:\/\/provedorbrasil.com.br\/home\/wp-json\/wp\/v2\/pages"}],"about":[{"href":"https:\/\/provedorbrasil.com.br\/home\/wp-json\/wp\/v2\/types\/page"}],"author":[{"embeddable":true,"href":"https:\/\/provedorbrasil.com.br\/home\/wp-json\/wp\/v2\/users\/1"}],"replies":[{"embeddable":true,"href":"https:\/\/provedorbrasil.com.br\/home\/wp-json\/wp\/v2\/comments?post=1129"}],"version-history":[{"count":40,"href":"https:\/\/provedorbrasil.com.br\/home\/wp-json\/wp\/v2\/pages\/1129\/revisions"}],"predecessor-version":[{"id":1187,"href":"https:\/\/provedorbrasil.com.br\/home\/wp-json\/wp\/v2\/pages\/1129\/revisions\/1187"}],"wp:attachment":[{"href":"https:\/\/provedorbrasil.com.br\/home\/wp-json\/wp\/v2\/media?parent=1129"}],"curies":[{"name":"wp","href":"https:\/\/api.w.org\/{rel}","templated":true}]}}